{"id":1531,"date":"2024-06-21T09:46:25","date_gmt":"2024-06-21T14:46:25","guid":{"rendered":"https:\/\/www.ourbond.com\/fr\/?page_id=1531"},"modified":"2024-09-18T07:38:54","modified_gmt":"2024-09-18T12:38:54","slug":"cookies-policy","status":"publish","type":"page","link":"https:\/\/www.ourbond.com\/fr\/cookies-policy\/","title":{"rendered":"Cookies Policy French"},"content":{"rendered":"\n<h2 class=\"wp-block-heading\"><strong><strong>BOND &#8211; Politique Cookies<\/strong><\/strong><\/h2>\n\n\n\n<p>Derni\u00e8re mise \u00e0 jour :&nbsp; Juin 2024<\/p>\n\n\n\n<p>La d\u00e9claration suivante pr\u00e9sente les d\u00e9tails de la politique d\u2019utilisation des cookies adopt\u00e9e par TG-17, Inc. (exer\u00e7ant son activit\u00e9 sous le nom de \u00ab&nbsp;<strong>Our Bond&nbsp;\u00bb<\/strong>) concernant le Site Web de Our Bond (le \u00ab&nbsp;<strong>Site Web<\/strong>&nbsp;\u00bb, \u00ab&nbsp;<strong>nous&nbsp;\u00bb<\/strong>, \u00ab&nbsp;<strong>notre&nbsp;\u00bb<\/strong> ou la \u00ab&nbsp;<strong>Soci\u00e9t\u00e9<\/strong>&nbsp;\u00bb) pour recueillir et diffuser des informations (\u00ab&nbsp;<strong>Politique Cookies&nbsp;\u00bb<\/strong>). Chaque fois que, dans la pr\u00e9sente Politique Cookies, Nous faisons r\u00e9f\u00e9rence \u00e0 \u00ab&nbsp;<strong>vous&nbsp;\u00bb<\/strong> ou \u00ab&nbsp;<strong>votre&nbsp;\u00bb<\/strong>, l&#8217;intention est de viser tous les utilisateurs qui font usage de nos Services en Ligne (tels que d\u00e9finis ci-dessous).<\/p>\n\n\n\n<p>Nous utilisons des cookies (petits fichiers texte contenant une cha\u00eene de caract\u00e8res alphanum\u00e9riques que nous pla\u00e7ons sur votre ordinateur) et d&#8217;autres technologies de suivi similaires (comme les balises web, les pixels, les tags et les scripts) pour identifier de mani\u00e8re unique le navigateur des visiteurs et\/ou des utilisateurs, et pour recueillir des informations sur la mani\u00e8re dont les visiteurs et\/ou les utilisateurs interagissent avec les Sites Web et les Services en Ligne (tels que d\u00e9finis ci-dessous), y compris pour la publicit\u00e9 cibl\u00e9e.&nbsp;<\/p>\n\n\n\n<p>Nous utilisons ces informations aux fins suivantes&nbsp;: faciliter la navigation des visiteurs et\/ou des utilisateurs ; faciliter l&#8217;enregistrement, la connexion et la fourniture de feeback ; analyser l&#8217;utilisation des produits, des services ou des applications ; et contribuer aux efforts de promotion et de marketing (y compris la publicit\u00e9 comportementale). Certains de nos prestataires de services, soci\u00e9t\u00e9s affili\u00e9es, sous-traitants, partenaires commerciaux, etc. (collectivement d\u00e9sign\u00e9s \u00ab&nbsp;<strong>Tiers&nbsp;\u00bb<\/strong>), peuvent \u00e9galement utiliser ces technologies dans le cadre des services qu&#8217;ils fournissent en notre nom.<\/p>\n\n\n\n<p>Les cookies, en eux-m\u00eames, ne nous communiquent pas d&#8217;informations permettant de vous identifier personnellement, sauf si vous choisissez de nous fournir ces informations (par exemple, en vous inscrivant \u00e0 l&#8217;un de nos services). Toutefois, lorsque vous choisissez de fournir au(x) Site(s) Web vos informations d&#8217;identification personnelle, ces informations peuvent \u00eatre li\u00e9es aux donn\u00e9es stock\u00e9es dans le cookie.<\/p>\n\n\n\n<p>Nous collectons et\/ou utilisons des cookies \u00e0 travers les moyens suivants : (1) du (des) Site(s) Web exploit\u00e9(s) par nous et\/ou par nos Tiers autoris\u00e9s, \u00e0 partir duquel (desquels) vous acc\u00e9dez \u00e0 la pr\u00e9sente Politique Cookies, y compris le Site Web ; (2) par le biais du logiciel et\/ou des applications mobiles qui peuvent \u00eatre mis \u00e0 disposition par nous et\/ou par nos Tiers autoris\u00e9s, pour une utilisation sur ou par le biais d&#8217;ordinateurs et\/ou d&#8217;appareils mobiles (\u00ab&nbsp;<strong>Apps&nbsp;\u00bb<\/strong>). Collectivement, nous d\u00e9signons les Sites Web et les applications par l&#8217;expression \u00ab&nbsp;<strong>Services en Ligne&nbsp;\u00bb<\/strong>. En utilisant les Services en Ligne, vous acceptez les termes et conditions de la pr\u00e9sente Politique Cookies. Veuillez lire attentivement la pr\u00e9sente Politique Cookies.<\/p>\n\n\n\n<p><strong>1. Consentement<\/strong><\/p>\n\n\n\n<p>Lors de votre premi\u00e8re visite sur notre Site Web, vous serez invit\u00e9 \u00e0 accepter ou \u00e0 refuser l&#8217;utilisation de cookies soumis \u00e0 consentement. Si vous ne souhaitez pas que ce cookie soit install\u00e9 ou lu sur votre appareil, un cookie de refus sera d\u00e9pos\u00e9 sur votre appareil pour enregistrer votre pr\u00e9f\u00e9rence contre l&#8217;utilisation de cookies. De m\u00eame, lorsque vous acceptez le recours \u00e0 ce cookie, un cookie de consentement est install\u00e9 sur votre appareil.<\/p>\n\n\n\n<p>Si vous d\u00e9sactivez tous les cookies de votre appareil ou si vous changez d\u2019appareil, nous ne serons plus en mesure de reconna\u00eetre vos pr\u00e9f\u00e9rences. Vous pouvez g\u00e9rer vos pr\u00e9f\u00e9rences en mati\u00e8re de cookies \u00e0 tout moment et gratuitement en cliquant sur &#8220;G\u00e9rer les cookies&#8221; en bas de chaque page de notre site. Cette banni\u00e8re devrait \u00eatre facilement accessible une fois que vous avez donn\u00e9 votre consentement ou votre refus.<\/p>\n\n\n\n<p>Par ailleurs, si votre terminal est utilis\u00e9 par plusieurs personnes et lorsqu\u2019un m\u00eame appareil dispose de plusieurs logiciels de navigation, nous ne pouvons pas nous assurer de mani\u00e8re certaine que le service destin\u00e9 \u00e0 votre appareil correspond bien \u00e0 votre propre utilisation de cet appareil et non \u00e0 celle d\u2019un autre utilisateur de cet appareil<\/p>\n\n\n\n<p>Le partage avec d\u2019autres personnes de l\u2019utilisation de votre appareil et la configuration des param\u00e8tres de votre navigateur \u00e0 l\u2019\u00e9gard des cookies et autres traceurs, rel\u00e8vent de votre libre choix et de votre responsabilit\u00e9.<\/p>\n\n\n\n<p class=\"has-text-align-left\">Sauvegarder la s\u00e9lection Accepter tout Refuser tout<\/p>\n\n\n\n<p><strong>2. Cat\u00e9gories de cookies<\/strong><\/p>\n\n\n\n<p>Nous utilisons les cat\u00e9gories de cookies suivantes pour nos Sites Web et\/ou nos Services en Ligne :<\/p>\n\n\n\n<ol class=\"numbers-marker wp-block-list\">\n<li><strong>Cookies strictement n\u00e9cessaires.<\/strong> Ces cookies sont n\u00e9cessaires pour vous fournir les fonctions et services que vous avez demand\u00e9s. Par exemple, certains cookies vous permettent de vous connecter \u00e0 des zones s\u00e9curis\u00e9es de nos Services. La d\u00e9sactivation de ces cookies peut rendre certaines fonctions et certains services indisponibles.<\/li>\n\n\n\n<li><strong>Cookies de fonctionnalit\u00e9.<\/strong> Ces cookies sont utilis\u00e9s pour enregistrer vos choix et param\u00e8tres concernant nos Services, conserver vos pr\u00e9f\u00e9rences au fil du temps et vous reconna\u00eetre lorsque vous revenez sur nos services. Ces cookies nous aident \u00e0 personnaliser notre contenu en fonction de vos habitudes d&#8217;utilisation et \u00e0 m\u00e9moriser vos pr\u00e9f\u00e9rences (par exemple, votre choix de langue).<\/li>\n\n\n\n<li><strong>Cookies de session.<\/strong> Ces cookies ne sont stock\u00e9s que temporairement pendant une session de navigation et sont supprim\u00e9s de votre appareil lorsque vous fermez le navigateur. Nous utilisons les cookies de session pour soutenir la fonctionnalit\u00e9 des Sites Web et pour comprendre votre utilisation des Sites Web et\/ou des Services en Ligne, par exemple les pages que vous visitez, les liens que vous utilisez et le temps que vous restez sur chaque page.<\/li>\n\n\n\n<li><strong>Cookies de performance.<\/strong> Ces cookies nous permettent de comprendre comment les membres utilisent nos services, en recueillant des informations sur la fr\u00e9quence d&#8217;utilisation d&#8217;une fonction particuli\u00e8re des services. Ces statistiques agr\u00e9g\u00e9es sont utilis\u00e9es en interne pour am\u00e9liorer les services de mani\u00e8re \u00e0 les rendre int\u00e9ressants pour le plus grand nombre possible de membres. Ces cookies nous aident \u00e9galement \u00e0 mesurer la performance de nos campagnes publicitaires afin d&#8217;am\u00e9liorer nos campagnes et le contenu des services pour ceux qui s&#8217;engagent dans notre publicit\u00e9.<\/li>\n\n\n\n<li><strong>Cookies permanents<\/strong>. Ces cookies ne sont pas supprim\u00e9s lorsque vous fermez votre navigateur, mais sont enregistr\u00e9s sur votre appareil pour une dur\u00e9e d\u00e9termin\u00e9e ou jusqu&#8217;\u00e0 ce que vous les supprimiez. Chaque fois que vous visitez les Sites Web, le serveur qui a install\u00e9 le cookie reconna\u00eetra le cookie permanent enregistr\u00e9 sur votre appareil. Par exemple, si vous vous \u00eates d\u00e9j\u00e0 connect\u00e9 \u00e0 nos Sites Web et\/ou \u00e0 nos Services en Ligne, ces cookies \u00e9viteront de vous connecter lorsque vous visiterez \u00e0 nouveau nos Sites Web et\/ou nos Services en Ligne.<\/li>\n\n\n\n<li><strong>Cookies de ciblage et de marketing.<\/strong> Ces cookies collectent des informations vous concernant afin de Nous aider \u00e0 am\u00e9liorer nos produits et\/ou services et \u00e0 vous proposer des publicit\u00e9s cibl\u00e9es que nous estimons pertinentes pour vous. Nous utilisons des cookies de ciblage sur nos Sites Web et\/ou Services en Ligne pour diverses initiatives et campagnes de marketing. Nous pouvons \u00e9galement utiliser des cookies d&#8217;analyse (voir ci-dessous) et d&#8217;autres technologies pour faciliter la publicit\u00e9. Nos partenaires publicitaires peuvent \u00e9galement transmettre des cookies \u00e0 votre appareil lorsque vous cliquez sur des publicit\u00e9s qui apparaissent sur les Services. De m\u00eame, si vous cliquez sur un lien vers le site web ou le service d&#8217;un tiers, ce dernier peut \u00e9galement vous transmettre des cookies. Encore une fois, la pr\u00e9sente Politique Cookies ne couvre pas l&#8217;utilisation de cookies par des Tiers, et nous ne sommes pas responsables de leurs politiques et pratiques. Sachez que les cookies plac\u00e9s par des Tiers peuvent continuer \u00e0 suivre vos activit\u00e9s en ligne m\u00eame apr\u00e8s que vous avez quitt\u00e9 nos services, et que ces Tiers peuvent ne pas respecter les demandes de &#8220;Ne pas suivre&#8221; (voir section 6 ci-dessous) que vous avez d\u00e9finies \u00e0 l&#8217;aide de votre appareil.<\/li>\n\n\n\n<li><strong>Cookies analytiques. <\/strong>Ces cookies<strong> <\/strong>collectent des informations sur votre utilisation des Sites Web et\/ou des Services en Ligne et nous permettent d&#8217;en am\u00e9liorer le fonctionnement. Ces cookies nous fournissent des informations agr\u00e9g\u00e9es que nous utilisons pour contr\u00f4ler les performances du site, compter les visites de pages, rep\u00e9rer les erreurs techniques, voir comment les utilisateurs atteignent les Sites Web et\/ou les Services en Ligne, et mesurer l&#8217;efficacit\u00e9 de la publicit\u00e9 et des annonces cibl\u00e9es.<\/li>\n<\/ol>\n\n\n\n<p><strong>3. Dur\u00e9e de conservation<\/strong><\/p>\n\n\n\n<p>La dur\u00e9e de conservation des cookies et des donn\u00e9es qu&#8217;ils collectent varie en fonction de leur type et de leur finalit\u00e9 :<\/p>\n\n\n\n<ul class=\"wp-block-list\">\n<li>Les cookies techniques, exempts de consentement (strictement n\u00e9cessaires, fonctionnalit\u00e9, permanents, \u00e0 l&#8217;exclusion des analytiques), sont conserv\u00e9s pendant une dur\u00e9e maximale de 13 mois.<\/li>\n\n\n\n<li>Les cookies soumis \u00e0 consentement (de performance, et de ciblage et de marketing) sont conserv\u00e9s pour une dur\u00e9e maximale de 6 mois,&nbsp;<\/li>\n\n\n\n<li>Les donn\u00e9es collect\u00e9es par le biais des cookies sont conserv\u00e9es pendant une dur\u00e9e maximale de 24 mois.<\/li>\n<\/ul>\n\n\n\n<p><strong>4. Partage d&#8217;informations<\/strong><\/p>\n\n\n\n<p>Nous divulguerons les informations de contact et\/ou de facturation (le cas \u00e9ch\u00e9ant) \u00e0 des Tiers uniquement selon les modalit\u00e9s d\u00e9crites dans notre <a href=\"https:\/\/www.ourbond.com\/fr\/privacy-policy\/\">Politique de Confidentialit\u00e9<\/a> et\/ou dans la pr\u00e9sente Politique Cookies :<\/p>\n\n\n\n<ol start=\"1\" class=\"numbers-marker wp-block-list\">\n<li>Avec votre autorisation expresse ;<\/li>\n\n\n\n<li>Avec nos partenaires et\/ou affili\u00e9s, qui comprennent les entit\u00e9s qui nous contr\u00f4lent, que nous contr\u00f4lons ou avec qui nous sommes sous contr\u00f4le commun ;<\/li>\n\n\n\n<li>Lorsque nous passons un contrat avec des Tiers pour la fourniture de certains services, tels que la publicit\u00e9, l&#8217;analyse, les services de gestion des donn\u00e9es, l&#8217;h\u00e9bergement web, les \u00e9diteurs et le d\u00e9veloppement web (&#8220;<strong>Prestataires de Services<\/strong>&#8220;). Nous demandons aux Prestataires de Services de confirmer que leurs pratiques en mati\u00e8re de protection de la vie priv\u00e9e et de s\u00e9curit\u00e9 sont compatibles avec les n\u00f4tres. Nous ne fournissons \u00e0 nos Prestataires de Services que les informations dont ils ont besoin pour fournir les services que nous leur demandons, et il est interdit aux Prestataires de Services d&#8217;utiliser ces informations \u00e0 d&#8217;autres fins que celles que nous leur indiquons ;<\/li>\n\n\n\n<li>En cas de fusion, de vente ou de transfert de tout ou partie de nos actifs (y compris en cas de faillite), ou en cas de toute autre restructuration, nous pouvons divulguer ou transf\u00e9rer des informations dans le cadre d&#8217;une telle transaction ;<\/li>\n\n\n\n<li>Lorsque nous estimons que cela est n\u00e9cessaire pour prot\u00e9ger les Sites Web et\/ou les Services en Ligne ou leurs utilisateurs&nbsp;; faire respecter nos Conditions G\u00e9n\u00e9rales d\u2019Utilisation des Services&nbsp;; faire valoir nos droits ou ceux d&#8217;autres personnes ou r\u00e9pondre \u00e0 une demande des autorit\u00e9s gouvernementales, \u00e0 une proc\u00e9dure judiciaire ou \u00e0 d&#8217;autres obligations l\u00e9gales ;<\/li>\n\n\n\n<li>Nous pouvons \u00e9galement partager et divulguer d&#8217;autres informations que\u00a0nous recueillons, y compris des informations g\u00e9n\u00e9rales, si nous le jugeons n\u00e9cessaire pour d\u00e9velopper et fournir nos services, conform\u00e9ment aux m\u00e9thodes d\u00e9crites dans la pr\u00e9sente Politique Cookies et\/ou dans notre <a href=\"https:\/\/www.ourbond.com\/fr\/privacy-policy\/\">Politique de Donn\u00e9es Personnelles<\/a> ; et<\/li>\n\n\n\n<li>Nous pouvons \u00e9galement \u00eatre tenus de divulguer des informations en r\u00e9ponse \u00e0 des demandes l\u00e9gales \u00e9manant d&#8217;autorit\u00e9s publiques, notamment pour r\u00e9pondre \u00e0 des exigences en mati\u00e8re de s\u00e9curit\u00e9 nationale ou d&#8217;application de la loi.<\/li>\n<\/ol>\n\n\n\n<p><strong>5. Cookies de tiers<\/strong><\/p>\n\n\n\n<ol class=\"numbers-marker wp-block-list\">\n<li><strong>Les cookies de Google. <\/strong>Les<strong> <\/strong>cookies d&#8217;analyse de Google sont utilis\u00e9s pour collecter des informations sur la mani\u00e8re dont les visiteurs utilisent nos Sites Web et\/ou nos Services en Ligne. Nous utilisons ces informations pour g\u00e9n\u00e9rer des rapports et am\u00e9liorer nos Sites Web et\/ou nos Services en Ligne. Ces cookies collectent des informations de mani\u00e8re anonyme, telles que le nombre de visiteurs, leurs sources d&#8217;acc\u00e8s aux Sites Web et\/ou Services en Ligne, ainsi que les actions entreprises, comme les clics sur des boutons. Pour consulter la politique de confidentialit\u00e9 de Google relative \u00e0 Google Analytics, veuillez <a href=\"https:\/\/support.google.com\/analytics\/answer\/6004245\">cliquer ici<\/a>. Pour d\u00e9sactiver Google Analytics, veuillez<a href=\"https:\/\/tools.google.com\/dlpage\/gaoptout\">, cliquez ici<\/a>. Les cookies de Google incluent \u00e9galement les cookies Google Ads 360 pour le marketing, la publicit\u00e9 et le remarketing, qui permettent de reconna\u00eetre les visiteurs sur les Sites Web de nos partenaires publicitaires afin de diffuser des informations ou des annonces personnalis\u00e9es correspondant \u00e0 leurs centres d&#8217;int\u00e9r\u00eat. Pour en savoir plus sur les cookies Google Ads 360<a href=\"https:\/\/support.google.com\/ds\/answer\/2903014?hl=en&amp;ref_topic=6054260\">, cliquez ici<\/a>.<\/li>\n\n\n\n<li><strong>Cookies Facebook. Ces <\/strong>cookies sont utilis\u00e9s pour la publicit\u00e9 cibl\u00e9e, c&#8217;est-\u00e0-dire les publicit\u00e9s que vous pourriez trouver pertinentes en fonction de votre activit\u00e9 sur des Sites Web en dehors de Facebook. Ces cookies collectent des informations sur vos visites sur les sites et permettent de vous proposer des publicit\u00e9s via les plateformes Facebook. Pour vous d\u00e9sinscrire des publicit\u00e9s cibl\u00e9es de Facebook, veuillez suivre les instructions de Facebook <a href=\"https:\/\/www.facebook.com\/about\/ads\/#568137493302217\">ici<\/a>. Pour plus d&#8217;informations sur la politique de confidentialit\u00e9 de Facebook, <a href=\"https:\/\/www.facebook.com\/privacy\/explanation\">veuillez<\/a> consulter la politique de confidentialit\u00e9 de Facebook.<\/li>\n\n\n\n<li><strong>Cookies Bing<\/strong>. Les cookies Bing sont utilis\u00e9s pour collecter des informations sur l&#8217;utilisation de nos Sites Web et\/ou nos Services en Ligne \u00e0 des fins de marketing, de publicit\u00e9 et de remarketing. Ces cookies permettent de reconna\u00eetre les visiteurs sur les Sites Web de nos partenaires publicitaires et de leur adresser des informations ou des publicit\u00e9s en rapport avec leurs centres d&#8217;int\u00e9r\u00eat. Pour en savoir plus sur la protection de la vie priv\u00e9e chez Microsoft\/Bing, <a href=\"https:\/\/privacy.microsoft.com\/en-us\/privacystatement\">cliquez ici<\/a>.<\/li>\n<\/ol>\n\n\n\n<p><strong>6. Param\u00e8tres du navigateur<br><\/strong><br>Les diff\u00e9rents navigateurs web offrent divers degr\u00e9s de contr\u00f4le sur les cookies, le stockage de session et le stockage local de votre navigateur. Vous pouvez modifier les param\u00e8tres de votre navigateur ou, le cas \u00e9ch\u00e9ant, changer de navigateur, afin d&#8217;emp\u00eacher le stockage automatique des cookies. Si vous \u00eates soucieux du suivi en ligne, vous avez la possibilit\u00e9 de configurer vos param\u00e8tres pour envoyer un signal &#8220;<a href=\"https:\/\/en.wikipedia.org\/wiki\/Do_Not_Track\">Do-Not-Track<\/a>&#8221; (Ne pas suivre) demandant ainsi au Site Web de ne pas utiliser de cookies ou d&#8217;autres m\u00e9canismes de suivi. Alternativement, vous pouvez installer une extension de navigateur, telle que <a href=\"https:\/\/disconnect.me\/\">Disconnect<\/a>, pour bloquer les cookies de suivi de Tiers sur nos Sites Web. Toutefois, veuillez noter que certaines fonctionnalit\u00e9s de notre Site Web peuvent ne pas fonctionner si vous supprimez ou d\u00e9sactivez les cookies.<\/p>\n\n\n\n<p><strong>7. Mises \u00e0 jour de la Politique Cookies<\/strong><\/p>\n\n\n\n<p>\u00c0 mesure que nos Services s&#8217;am\u00e9liorent, il se peut que nous devions ajuster la Politique Cookies de temps \u00e0 autre. Chaque fois que nous le ferons, nous vous informerons des changements en publiant un avertissement en ligne, en vous en informant par e-mail et\/ou par tout autre moyen<strong>.<\/strong><\/p>\n\n\n\n<p><strong>8. Nous contacter<\/strong><\/p>\n\n\n\n<p>Si vous avez des questions ou des pr\u00e9occupations concernant nos politiques, veuillez nous envoyer un message d\u00e9taill\u00e9 \u00e0 <a href=\"mailto:membercare@ourbond.com\">membercare@ourbond.com<\/a>, et nous essaierons de r\u00e9pondre \u00e0 vos pr\u00e9occupations.<\/p>\n","protected":false},"excerpt":{"rendered":"<p>BOND &#8211; Politique Cookies Derni\u00e8re mise \u00e0 jour :&nbsp; Juin 2024 La d\u00e9claration suivante pr\u00e9sente les d\u00e9tails de la politique d\u2019utilisation des cookies adopt\u00e9e par TG-17, Inc. (exer\u00e7ant son activit\u00e9 sous le nom de \u00ab&nbsp;Our Bond&nbsp;\u00bb) concernant le Site Web de Our Bond (le \u00ab&nbsp;Site Web&nbsp;\u00bb, \u00ab&nbsp;nous&nbsp;\u00bb, \u00ab&nbsp;notre&nbsp;\u00bb ou la \u00ab&nbsp;Soci\u00e9t\u00e9&nbsp;\u00bb) pour recueillir et diffuser [&hellip;]<\/p>\n","protected":false},"author":17,"featured_media":0,"parent":0,"menu_order":0,"comment_status":"closed","ping_status":"closed","template":"page-templates\/policy.php","meta":{"_acf_changed":false,"footnotes":""},"class_list":["post-1531","page","type-page","status-publish","hentry"],"acf":[],"_links":{"self":[{"href":"https:\/\/www.ourbond.com\/fr\/wp-json\/wp\/v2\/pages\/1531","targetHints":{"allow":["GET"]}}],"collection":[{"href":"https:\/\/www.ourbond.com\/fr\/wp-json\/wp\/v2\/pages"}],"about":[{"href":"https:\/\/www.ourbond.com\/fr\/wp-json\/wp\/v2\/types\/page"}],"author":[{"embeddable":true,"href":"https:\/\/www.ourbond.com\/fr\/wp-json\/wp\/v2\/users\/17"}],"replies":[{"embeddable":true,"href":"https:\/\/www.ourbond.com\/fr\/wp-json\/wp\/v2\/comments?post=1531"}],"version-history":[{"count":0,"href":"https:\/\/www.ourbond.com\/fr\/wp-json\/wp\/v2\/pages\/1531\/revisions"}],"wp:attachment":[{"href":"https:\/\/www.ourbond.com\/fr\/wp-json\/wp\/v2\/media?parent=1531"}],"curies":[{"name":"wp","href":"https:\/\/api.w.org\/{rel}","templated":true}]}}